{"id":69,"date":"2020-09-27T13:16:59","date_gmt":"2020-09-27T13:16:59","guid":{"rendered":"http:\/\/snk.alabaster.de\/?page_id=69"},"modified":"2024-10-26T21:24:05","modified_gmt":"2024-10-26T21:24:05","slug":"wer-wird-sind","status":"publish","type":"page","link":"https:\/\/www.stiftung-neue-kultur.de\/?page_id=69","title":{"rendered":"Wer wir sind"},"content":{"rendered":"\n<h2 class=\"wp-block-heading\">Geschichte<\/h2>\n\n\n\n<p class=\"has-normal-font-size\">1990 wurden auf Initiative von Herbert Schirmer, Kulturminister in der ersten freigew\u00e4hlten Regierung der DDR unter Ministerpr\u00e4sident de Maizi\u00e8re, die STIFTUNG NEUE KULTUR, die KULTURSTIFTUNG HAUS EUROPA und die STIFTUNG INDUSTRIE-UND ALLTAGSKULTUR gegr\u00fcndet. <br><br>Anlass zur Gr\u00fcndung der STIFTUNG NEUE KULTUR war die deutschdeutsche Umbruchsituation mit ihren vielf\u00e4ltigen Facetten. Sie verfolgt ausschlie\u00dflich kulturrelevante und gemeinn\u00fctzige Vorhaben und arbeitet in der Regel au\u00dferhalb der Programme, die mit \u00f6ffentlichen Mitteln gef\u00f6rdert werden. Ab 2018 leitete Vorstandmitglied Joachim Sommermeier den Generationswechsel ein, der 2020, zum 30-j\u00e4hrigen Jubil\u00e4um der STIFTUNG, abgeschlossen wurde.<br><br>Die STIFTUNG NEUE KULTUR ist eine rechtsf\u00e4hige Stiftung b\u00fcrgerlichen Rechts mit Sitz in Potsdam. Um Zustiftungen wird geworben, Spendenbescheinigungen k\u00f6nnen ausgestellt werden.<\/p>\n\n\n\n<p><\/p>\n\n\n\n<h2 class=\"wp-block-heading\">Ziele<\/h2>\n\n\n\n<p class=\"has-normal-font-size\">Stimulierung, F\u00f6rderung, Begleitung und Vermittlung k\u00fcnstlerischer, kultureller und sozialer Prozesse charakterisieren die Arbeit der STIFTUNG NEUE KULTUR. Dabei gilt es, kulturelle Vielfalt aufzusp\u00fcren, zu erkennen und zu erhalten. Die Offenheit gegen\u00fcber anderen Denk- und Lebensformen sowie die gleichzeitige Orientierung auf eine breite \u00d6ffentlichkeit gestatten kulturelle Arbeit, die auch die vermeintliche Peripherie ins Zentrum r\u00fccken und diese in ganz eigener Weise wirksam werden lassen kann. Vor diesem Hintergrund konzipiert, organisiert, dokumentiert und publiziert die STIFTUNG NEUE KULTUR in differenzierten Formaten: Ausstellungen, Kataloge, B\u00fccher, Rund-Tisch-Gespr\u00e4che, Debatten, Vortr\u00e4ge, Brosch\u00fcren, Plakate, Postkartenmappen, Dokumentationen, Werkverzeichnisse und die Nutzung digitaler Plattformen.<\/p>\n\n\n\n<h2 class=\"wp-block-heading\">\u00a72 <br>Stiftungszweck<\/h2>\n\n\n\n<ol class=\"wp-block-list\"><li>Zweck der Stiftung ist es, Kultur als eine unverzichtbare Orientierung und Praxis der Humanisierung menschlicher Lebensformen zu sch\u00fctzen und zu f\u00f6rdern.<br><\/li><li>Die Stiftung verwirklicht diesen Zweck insbesondere durch die Dokumentation, Erforschung und Publikation aktueller und vom Vergessen bedrohter Lebensformen und k\u00fcnstlerischer Prozesse, vor allem mit dem Ziel, den heutigen und den k\u00fcnftigen Generationen eine bewusste Traditionsbildung zu erm\u00f6glichen. Sie f\u00fchrt einen \u00f6ffentlichen Diskurs \u00fcber kulturelle Gef\u00e4hrdungen und k\u00fcnftige kulturelle Entwicklungen in ihrer Mehrdimensionalit\u00e4t und ihrem Polyzentrismus.<br><\/li><li>Um diesen Zweck zu erreichen, f\u00fchrt die Stiftung Projekte und Veranstaltungen (z.B. Tagungen, Ausstellungen, Podiumsdiskussionen u.\u00e4.) durch und gibt Publikationen<br>(z.B. Tagungsb\u00e4nde, Kataloge, Plakate) heraus. Sie kann zu aktuellen Problemen \u00f6ffentlich Stellung nehmen und einen Preis vergeben.<br><\/li><li>Die Stiftung arbeitet in der Regel au\u00dferhalb der Programme, die mit \u00f6ffentlichen Mitteln gef\u00f6rdert werden. Sie kann diese jedoch begleiten und erg\u00e4nzen.<\/li><\/ol>\n\n\n\n<h2 class=\"wp-block-heading\">Satzung<\/h2>\n\n\n\n<p class=\"has-normal-font-size\"><mark style=\"background-color:rgba(0, 0, 0, 0)\" class=\"has-inline-color has-accent-color\"><a href=\"https:\/\/tinyurl.com\/yyuzfgny\">STIFTUNG NEUE KULTUR<\/a><\/mark><\/p>\n\n\n\n<h2 class=\"wp-block-heading\">Personen<\/h2>\n\n\n\n<p class=\"has-normal-font-size\"><strong>Stiftungsrat<\/strong><br>Dr. Jakob F. Scherer (Vorsitzender)<br>Judith Waldmann (stellvertretende Vorsitzende)<br>Dr. Hern\u00e1n D. Caro<br>Julia Raab<br>Barbara von Gayling-Westphal<\/p>\n\n\n\n<p class=\"has-normal-font-size\"><strong>Vorstand<\/strong><br>Ilia Castellanos<br>Kerstin Jasinszczak<\/p>\n\n\n\n<p class=\"has-normal-font-size\"><strong>Kuratorium<\/strong><br>Max E. Neumann (Vorsitzender)<br>Holger Glienke<br>Anni Heuchel<br>Prof. Dr. Peter H\u00f6flich<br>Paul Jacobs<br>Michael K\u00fcppers-Adebisi<br>Hajo M\u00f6nnighoff<br>Joachim Ramminger<br>Jens Schlechte<br>Evelyn Sommerhoff<br>Dr. Rupert Graf Strachwitz<br>Marika Wulff (\u2020)<\/p>\n","protected":false},"excerpt":{"rendered":"<p>Geschichte 1990 wurden auf Initiative von Herbert Schirmer, Kulturminister in der ersten freigew\u00e4hlten Regierung der DDR unter Ministerpr\u00e4sident de Maizi\u00e8re, die STIFTUNG NEUE KULTUR, die KULTURSTIFTUNG HAUS EUROPA und die STIFTUNG INDUSTRIE-UND ALLTAGSKULTUR gegr\u00fcndet. Anlass zur Gr\u00fcndung der STIFTUNG NEUE KULTUR war die deutschdeutsche Umbruchsituation mit ihren vielf\u00e4ltigen Facetten. Sie verfolgt ausschlie\u00dflich kulturrelevante und gemeinn\u00fctzige &hellip; <\/p>\n<p class=\"link-more\"><a href=\"https:\/\/www.stiftung-neue-kultur.de\/?page_id=69\" class=\"more-link\"><span class=\"screen-reader-text\">\u201eWer wir sind\u201c<\/span> weiterlesen<\/a><\/p>\n","protected":false},"author":2,"featured_media":0,"parent":0,"menu_order":0,"comment_status":"closed","ping_status":"closed","template":"","meta":{"footnotes":""},"class_list":["post-69","page","type-page","status-publish","hentry"],"_links":{"self":[{"href":"https:\/\/www.stiftung-neue-kultur.de\/index.php?rest_route=\/wp\/v2\/pages\/69"}],"collection":[{"href":"https:\/\/www.stiftung-neue-kultur.de\/index.php?rest_route=\/wp\/v2\/pages"}],"about":[{"href":"https:\/\/www.stiftung-neue-kultur.de\/index.php?rest_route=\/wp\/v2\/types\/page"}],"author":[{"embeddable":true,"href":"https:\/\/www.stiftung-neue-kultur.de\/index.php?rest_route=\/wp\/v2\/users\/2"}],"replies":[{"embeddable":true,"href":"https:\/\/www.stiftung-neue-kultur.de\/index.php?rest_route=%2Fwp%2Fv2%2Fcomments&post=69"}],"version-history":[{"count":16,"href":"https:\/\/www.stiftung-neue-kultur.de\/index.php?rest_route=\/wp\/v2\/pages\/69\/revisions"}],"predecessor-version":[{"id":499,"href":"https:\/\/www.stiftung-neue-kultur.de\/index.php?rest_route=\/wp\/v2\/pages\/69\/revisions\/499"}],"wp:attachment":[{"href":"https:\/\/www.stiftung-neue-kultur.de\/index.php?rest_route=%2Fwp%2Fv2%2Fmedia&parent=69"}],"curies":[{"name":"wp","href":"https:\/\/api.w.org\/{rel}","templated":true}]}}