{"id":18,"date":"2020-09-24T11:36:19","date_gmt":"2020-09-24T11:36:19","guid":{"rendered":"http:\/\/snk.alabaster.de\/?page_id=18"},"modified":"2021-01-13T14:20:00","modified_gmt":"2021-01-13T14:20:00","slug":"wie-sie-uns-unterstutzen","status":"publish","type":"page","link":"https:\/\/www.stiftung-neue-kultur.de\/?page_id=18","title":{"rendered":"Wie Sie uns unterst\u00fctzen"},"content":{"rendered":"\n<h2 class=\"wp-block-heading\">Spenden<\/h2>\n\n\n\n<p class=\"has-normal-font-size\">Die gemeinn\u00fctzige Kulturstiftung STIFTUNG NEUE KULTUR nimmt Ihre Geld- und Sachzuwendungen jederzeit gern als Spenden entgegen. Sie kann Ihnen daf\u00fcr Spendenbescheinigungen ausstellen.<\/p>\n\n\n\n<h2 class=\"wp-block-heading\">Zustiftungen<\/h2>\n\n\n\n<p class=\"has-normal-font-size\">F\u00fcr diese Art der Zuwendung &#8211; Zustiftungen und Gro\u00dfspenden &#8211;  sind im Allgemeinen von allen Beteiligten n\u00e4here Absprachen erw\u00fcnscht und willkommen. Auch die Zukunft unserer STIFTUNG k\u00f6nnnte dadurch eine wirklich langfristige Planungssicherheit erlangen.<\/p>\n\n\n\n<h2 class=\"wp-block-heading\"><strong>Unser Spendenkonto<\/strong><\/h2>\n\n\n\n<p class=\"has-normal-font-size\">Weberbank<br>IBAN: DE73 1012 0100 6121 8820 10<br>BIC: WELADED1WBB<\/p>\n\n\n\n<h2 class=\"wp-block-heading\">Gegenleistungen<\/h2>\n\n\n\n<p class=\"has-normal-font-size\">Werden Sie unser Partner, unterst\u00fctzen Sie unsere Projekte. Die STIFTUNG NEUE KULTUR bietet ihren Sponsoren:<br><br>\u2022   W\u00fcrdigung Ihres Unternehmens mit Text und Logo in Druckerzeugnissen und Selbstdarstellungen. Das sind vor allem Plakate, Kataloge, Postkarten, Welcome-Cards, Ausstellungsf\u00fchrer und Flyer; dar\u00fcber hinaus DIA-Vortr\u00e4ge,&nbsp; DVD- und CD-ROM-Entwicklungen<br>\u2022   W\u00fcrdigung auf gro\u00dfformatigen Werbefl\u00e4chen und in Anzeigen<br>\u2022   Einbeziehung in den Internetauftritt der STIFTUNG<br>\u2022   Pr\u00e4senz des Sponsors bei Pressekonferenzen, F\u00fchrungen, Vernissagen, Finissagen, Podiumsgespr\u00e4chen und anderen Veranstaltungen<br>\u2022   Aufbau regelm\u00e4\u00dfiger Kontakte zum Sponsor&nbsp;<br>\u2022   Vergabe von Einladungen zu allen wichtigen Aktivit\u00e4ten der STIFTUNG<br>\u2022   Angebote f\u00fcr Eventpartnerschaften<br>\u2022   Professionelle Unterst\u00fctzung des Sponsors bei dessen Jubil\u00e4umsveranstaltungen, Ausstellungen und \u00e4hnlichen Vorhaben<\/p>\n","protected":false},"excerpt":{"rendered":"<p>Spenden Die gemeinn\u00fctzige Kulturstiftung STIFTUNG NEUE KULTUR nimmt Ihre Geld- und Sachzuwendungen jederzeit gern als Spenden entgegen. Sie kann Ihnen daf\u00fcr Spendenbescheinigungen ausstellen. Zustiftungen F\u00fcr diese Art der Zuwendung &#8211; Zustiftungen und Gro\u00dfspenden &#8211; sind im Allgemeinen von allen Beteiligten n\u00e4here Absprachen erw\u00fcnscht und willkommen. Auch die Zukunft unserer STIFTUNG k\u00f6nnnte dadurch eine wirklich langfristige &hellip; <\/p>\n<p class=\"link-more\"><a href=\"https:\/\/www.stiftung-neue-kultur.de\/?page_id=18\" class=\"more-link\"><span class=\"screen-reader-text\">\u201eWie Sie uns unterst\u00fctzen\u201c<\/span> weiterlesen<\/a><\/p>\n","protected":false},"author":2,"featured_media":0,"parent":0,"menu_order":0,"comment_status":"closed","ping_status":"closed","template":"","meta":{"footnotes":""},"class_list":["post-18","page","type-page","status-publish","hentry"],"_links":{"self":[{"href":"https:\/\/www.stiftung-neue-kultur.de\/index.php?rest_route=\/wp\/v2\/pages\/18"}],"collection":[{"href":"https:\/\/www.stiftung-neue-kultur.de\/index.php?rest_route=\/wp\/v2\/pages"}],"about":[{"href":"https:\/\/www.stiftung-neue-kultur.de\/index.php?rest_route=\/wp\/v2\/types\/page"}],"author":[{"embeddable":true,"href":"https:\/\/www.stiftung-neue-kultur.de\/index.php?rest_route=\/wp\/v2\/users\/2"}],"replies":[{"embeddable":true,"href":"https:\/\/www.stiftung-neue-kultur.de\/index.php?rest_route=%2Fwp%2Fv2%2Fcomments&post=18"}],"version-history":[{"count":7,"href":"https:\/\/www.stiftung-neue-kultur.de\/index.php?rest_route=\/wp\/v2\/pages\/18\/revisions"}],"predecessor-version":[{"id":330,"href":"https:\/\/www.stiftung-neue-kultur.de\/index.php?rest_route=\/wp\/v2\/pages\/18\/revisions\/330"}],"wp:attachment":[{"href":"https:\/\/www.stiftung-neue-kultur.de\/index.php?rest_route=%2Fwp%2Fv2%2Fmedia&parent=18"}],"curies":[{"name":"wp","href":"https:\/\/api.w.org\/{rel}","templated":true}]}}